{"id":2225,"date":"2020-05-19T09:02:42","date_gmt":"2020-05-19T13:02:42","guid":{"rendered":"http:\/\/gmsenbunitedway.ca\/?page_id=2225"},"modified":"2020-10-30T15:37:13","modified_gmt":"2020-10-30T19:37:13","slug":"fuac-2","status":"publish","type":"page","link":"https:\/\/gmsenbunitedway.ca\/fr\/fuac-2\/","title":{"rendered":"Le Fonds d\u2019urgence pour l\u2019appui communautaire (FUAC)"},"content":{"rendered":"<h4>Veuillez noter que le processus de demande pour le Fonds d\u2019urgence pour l\u2019appui communautaire \u2013 Phase 2 est maintenant ferm\u00e9.<\/h4>\n<h2><strong>Le Fonds d\u2019urgence pour l\u2019appui communautaire (FUAC) \u2013 Phase 2<\/strong><\/h2>\n<p>Les cons\u00e9quences de la COVID-19 sont davantage ressenties chez les gens vuln\u00e9rables au Canada.&nbsp;<\/p>\n<p>Le Fonds d\u2019urgence pour l\u2019appui communautaire (FUAC) de 350 millions de dollars du gouvernement du Canada vise \u00e0 aider les organismes de bienfaisance et sans but lucratif \u00e0 adapter et \u00e0 accro\u00eetre les services de premi\u00e8re ligne offerts aux gens vuln\u00e9rables pendant la pand\u00e9mie de COVID-19.<\/p>\n<p>Le gouvernement du Canada versera les fonds restants du Fonds d\u2019urgence pour l\u2019appui communautaire (FUAC) de 350&nbsp;millions de dollars dans le cadre d\u2019un deuxi\u00e8me cycle de financement (73.9 millions de dollars). Ces fonds sont disponibles pour aider les communaut\u00e9s \u00e0 continuer de faire face aux cons\u00e9quences de la pand\u00e9mie.<\/p>\n<p>La premi\u00e8re date d\u2019ouverture des demandes de financement au FUAC \u00e9tait le 19&nbsp;mai 2020. Le premier cycle de financement a permis d\u2019appuyer des projets dans chaque province et territoire et \u00e0 l\u2019intention de chaque groupe vuln\u00e9rable. Les trois interm\u00e9diaires du Fonds \u2014 les Fondations communautaires du Canada, la Croix-Rouge canadienne et Centraide United Way Canada \u2014 ont combin\u00e9 leur port\u00e9e nationale et leur expertise locale pour acheminer rapidement les fonds l\u00e0 o\u00f9 ils \u00e9taient le plus n\u00e9cessaires.<\/p>\n<p>Dans le deuxi\u00e8me cycle du Fonds, les trois interm\u00e9diaires continueront \u00e0 cibler activement leurs efforts de sensibilisation de fa\u00e7on \u00e0 assurer une distribution \u00e9quitable des fonds, tout en renfor\u00e7ant les services et le soutien aux Canadiens vuln\u00e9rables dans toutes les communaut\u00e9s.<\/p>\n<p>Centraide de la r\u00e9gion du grand Moncton et du sud-est du Nouveau-Brunswick a \u00e9t\u00e9 heureux d\u2019administrer un premier cycle d\u2019investissement crucial de <strong>536,007<\/strong> <strong>$<\/strong> au sud-est et de <strong>258,288.96<\/strong> <strong>$<\/strong> au nord-est par le gouvernement du Canada dans les services essentiels \u00e0 l\u2019intention des personnes vuln\u00e9rables au sein de notre communaut\u00e9 \u00e0 ce jour.<\/p>\n<p>Nous sommes heureux de soutenir un investissement de <strong>203,656 $ dans le sud-est<\/strong> et <strong>140,198 $ dans le nord-est <\/strong>dans le cadre de ce deuxi\u00e8me cycle de financement d\u2019urgence provenant du gouvernement du Canada.<\/p>\n<p>Les demandes peuvent \u00eatre soumises du <strong>5 octobre au 31 octobre<\/strong>, et elles seront examin\u00e9es, et les d\u00e9cisions seront prises en temps opportun par les b\u00e9n\u00e9voles de notre comit\u00e9 d&rsquo;investissement communautaire de Centraide.<\/p>\n<h2><strong>Admissibilit\u00e9<\/strong><\/h2>\n<ul>\n<li>Centraide de la r\u00e9gion du grand Moncton et du sud-est du Nouveau Brunswick finance des organismes de bienfaisance et d\u2019autres donataires reconnus.<\/li>\n<li>Pour le FUAC, nous recevons des candidatures du SENB, mais aussi des r\u00e9gions de Bathurst \/ Chaleur, Miramichi \/ Gloucester et de la P\u00e9ninsule acadienne.<\/li>\n<li>Veuillez consulter le <a href=\"http:\/\/gmsenbunitedway.ca\/wp-content\/uploads\/2020\/10\/FUAC-Applicant-guide_Phase-2_FR.pdf\">Guide du demandeur<\/a> pour obtenir des directives d\u00e9taill\u00e9es \u00e0 l&rsquo;intention des organismes de services communautaires \u00e0 la recherche de fonds FUAC.<\/li>\n<\/ul>\n<h2><strong>Services communautaires<\/strong><\/h2>\n<p>Le FUAC fournira un soutien financier aux services communautaires qui :<\/p>\n<ul>\n<li>R\u00e9pondent \u00e0 un besoin urgent d\u2019inclusion sociale ou li\u00e9 au bien-\u00eatre, caus\u00e9 ou accru par la COVID-19,<\/li>\n<li>Desservent un ou plusieurs groupes vuln\u00e9rables (d\u00e9finis ci-dessous),<\/li>\n<li>Seront r\u00e9alis\u00e9s avec un budget raisonnable avant le 31 mars 2021.<\/li>\n<\/ul>\n<h2><strong>Comment demander du financement<\/strong><\/h2>\n<ul>\n<li>Veuillez remplir votre demande en ligne en utilisant <a href=\"https:\/\/agency.e-cimpact.com\/login.aspx?org=UWGMSENB\">e-CImpact<\/a> .<\/li>\n<li>Pour les agences partenaires qui ont utilis\u00e9 e-CImpact dans le pass\u00e9, cliquez <a href=\"http:\/\/gmsenbunitedway.ca\/wp-content\/uploads\/2020\/10\/Instructions-for-Partner-agencies_Part-2_FR.pdf\">ici<\/a> pour obtenir des instructions.<\/li>\n<li>Si vous enregistrez une nouvelle agence, cliquez <a href=\"http:\/\/gmsenbunitedway.ca\/wp-content\/uploads\/2020\/10\/Instructions-for-new-agencies_Part-2_FR.pdf\">ici<\/a> pour savoir comment vous connecter \u00e0 e-CImpact.<\/li>\n<\/ul>\n<p><strong><u>Une note de processus:<\/u><\/strong><strong> vous devez s\u00e9lectionner un minimum de 3 aboutissements dans l&rsquo;ensemble pour suivre.<\/strong><\/p>\n<h4>Si vous avez des questions ou avez besoin de plus d\u2019informations, contactez Paul Toner \u00e0 <a href=\"mailto:ptoner@moncton.unitedway.ca\">ptoner@moncton.unitedway.ca<\/a> ou (506) 858-8600 x3665.<\/h4>\n<h4><em>Notez : Si vous \u00eates un organisme sans but lucratif mais pas un organisme de bienfaisance enregistr\u00e9, veuillez noter que des subventions sont disponibles aupr\u00e8s de la Croix-Rouge canadienne. Veuillez les visiter <a href=\"https:\/\/www.croixrouge.ca\/nos-champs-d-action\/interventions-en-cours\/covid-19-nouveau-coronavirus\/aide-d-urgence-aux-organismes-communautaires-en-reponse-a-la-covid-19\">ici<\/a>.<\/em><\/h4>\n<h2><strong><a href=\"http:\/\/gmsenbunitedway.ca\/wp-content\/uploads\/2020\/05\/FAQ-FUAC.pdf\" target=\"_blank\" rel=\"noopener noreferrer\">Cliquez ici pour la Foire aux questions (FAQ)<\/a><\/strong><\/h2>\n<p>&nbsp;<\/p>\n<p><a href=\"http:\/\/gmsenbunitedway.ca\/wp-content\/uploads\/2020\/05\/Canada-logo.jpg\"><img loading=\"lazy\" decoding=\"async\" class=\"aligncenter wp-image-2267\" src=\"http:\/\/gmsenbunitedway.ca\/wp-content\/uploads\/2020\/05\/Canada-logo.jpg\" alt=\"\" width=\"360\" height=\"90\"><\/a><\/p>\n","protected":false},"excerpt":{"rendered":"Veuillez noter que le processus de demande pour le Fonds d\u2019urgence pour l\u2019appui communautaire \u2013 Phase 2 est maintenant ferm\u00e9. Le Fonds d\u2019urgence pour l\u2019appui communautaire (FUAC) \u2013 Phase 2&#8230; <\/p><a class=\"btn btn-brdr-red view-article\" href=\"https:\/\/gmsenbunitedway.ca\/fr\/fuac-2\/\">Read More<\/a>","protected":false},"author":2,"featured_media":0,"parent":0,"menu_order":0,"comment_status":"closed","ping_status":"closed","template":"","meta":{"_acf_changed":false,"om_disable_all_campaigns":false,"_monsterinsights_skip_tracking":false,"_monsterinsights_sitenote_active":false,"_monsterinsights_sitenote_note":"","_monsterinsights_sitenote_category":0,"_uf_show_specific_survey":0,"_uf_disable_surveys":false,"ngg_post_thumbnail":0,"footnotes":""},"class_list":["post-2225","page","type-page","status-publish","hentry"],"acf":[],"aioseo_notices":[],"_links":{"self":[{"href":"https:\/\/gmsenbunitedway.ca\/fr\/wp-json\/wp\/v2\/pages\/2225","targetHints":{"allow":["GET"]}}],"collection":[{"href":"https:\/\/gmsenbunitedway.ca\/fr\/wp-json\/wp\/v2\/pages"}],"about":[{"href":"https:\/\/gmsenbunitedway.ca\/fr\/wp-json\/wp\/v2\/types\/page"}],"author":[{"embeddable":true,"href":"https:\/\/gmsenbunitedway.ca\/fr\/wp-json\/wp\/v2\/users\/2"}],"replies":[{"embeddable":true,"href":"https:\/\/gmsenbunitedway.ca\/fr\/wp-json\/wp\/v2\/comments?post=2225"}],"version-history":[{"count":0,"href":"https:\/\/gmsenbunitedway.ca\/fr\/wp-json\/wp\/v2\/pages\/2225\/revisions"}],"wp:attachment":[{"href":"https:\/\/gmsenbunitedway.ca\/fr\/wp-json\/wp\/v2\/media?parent=2225"}],"curies":[{"name":"wp","href":"https:\/\/api.w.org\/{rel}","templated":true}]}}