{"id":247,"date":"2017-10-17T15:03:56","date_gmt":"2017-10-17T19:03:56","guid":{"rendered":"http:\/\/unitedwaycnb.wpengine.com\/sponsorship\/"},"modified":"2019-07-31T09:42:04","modified_gmt":"2019-07-31T13:42:04","slug":"sponsorship","status":"publish","type":"page","link":"https:\/\/gmsenbunitedway.ca\/fr\/sponsorship\/","title":{"rendered":"Parrainage"},"content":{"rendered":"<h2><strong>Parrainage\u00a0<\/strong><\/h2>\n<p><span style=\"font-weight: 400;\">Comptant plus de 190 partenaires dans toute la r\u00e9gion, Centraide est heureux d\u2019offrir divers genres de parrainage possibles allant de la commandite d\u2019\u00e9v\u00e8nements aux prix pour tirages au sort lors de ces \u00e9v\u00e9nements. <\/span><\/p>\n<p><span style=\"font-weight: 400;\">Centraide est fier d\u2019appuyer et de promouvoir votre parrainage par une reconnaissance publique dans le mat\u00e9riel promotionnel, l\u2019abondante couverture m\u00e9diatique et les rapports administratifs de Centraide. <\/span><\/p>\n<h2><b>Don en nature <\/b><\/h2>\n<p><span style=\"font-weight: 400;\">Les dons en nature sont une approche particuli\u00e8re aux dons de bienfaisance qui consiste \u00e0 offrir des biens et des services plut\u00f4t que de l\u2019argent. Nous sommes sinc\u00e8rement reconnaissants pour tous les dons en nature. Ces dons servent dans l\u2019organisation d\u2019\u00e9v\u00e8nements tels que les lancements de campagne, les c\u00e9l\u00e9brations de campagne et les Journ\u00e9es d\u2019entraide ainsi que dans les tirages au sort lors d\u2019\u00e9v\u00e8nements tels que La ville en chanson et Soupfest.<\/span><\/p>\n<h2><b>Commandite d\u2019\u00e9v\u00e8nements<\/b><\/h2>\n<p><img loading=\"lazy\" decoding=\"async\" class=\"wp-image-763 alignright\" src=\"http:\/\/uwmoncton.wpengine.com\/wp-content\/uploads\/2018\/01\/DOC.jpg\" alt=\"\" width=\"299\" height=\"199\" srcset=\"https:\/\/gmsenbunitedway.ca\/wp-content\/uploads\/2018\/01\/DOC.jpg 5184w, https:\/\/gmsenbunitedway.ca\/wp-content\/uploads\/2018\/01\/DOC-768x512.jpg 768w\" sizes=\"auto, (max-width: 299px) 100vw, 299px\" \/><\/p>\n<p><span style=\"font-weight: 400;\">Centraide organise une multitude d\u2019\u00e9v\u00e8nements tout au long de l&rsquo;ann\u00e9e dont La ville en chanson, les Journ\u00e9es d\u2019entraide et Soupfest pour chacun<\/span><span style=\"font-weight: 400;\">\u00a0desquels nous offrons divers niveaux de commandite. Veuillez nous contacter pour de plus amples informations concernant la commandite d\u2019\u00e9v\u00e8nements.<\/span><\/p>\n<ul>\n<li><a href=\"http:\/\/gmsenbunitedway.ca\/fr\/la-ville-en-chanson\/\"><span style=\"font-weight: 400;\">La ville en chanson<\/span><\/a><\/li>\n<li><span style=\"font-weight: 400;\"><a href=\"http:\/\/uwmoncton.wpengine.com\/fr\/journee-dentraide\/\" target=\"_blank\" rel=\"noopener noreferrer\">Journ\u00e9e d\u2019entraide<\/a>\u00a0<\/span><\/li>\n<li><a href=\"http:\/\/uwmoncton.wpengine.com\/fr\/events\/soupfest-2018\/\"><span style=\"font-weight: 400;\">Soupfest<\/span><\/a><\/li>\n<\/ul>\n<h2><b>Organisation d\u2019\u00e9v\u00e8nements<\/b><\/h2>\n<p><span style=\"font-weight: 400;\">Un grand nombre d\u2019entreprises partenaires choisiront d\u2019organiser leur propre \u00e9v\u00e8nement et de verser la totalit\u00e9 des recettes au profit de leur objectif de campagne. Centraide aidera \u00e0 promouvoir votre \u00e9v\u00e8nement sur son site Web, les r\u00e9seaux sociaux et autres modes de communication.<\/span><\/p>\n<h2><b>Programme des repr\u00e9sentantes et repr\u00e9sentants d\u00e9l\u00e9gu\u00e9s<\/b><\/h2>\n<p><span style=\"font-weight: 400;\">Centraide offre aux entreprises une occasion particuli\u00e8re de commanditer leurs employ\u00e9s pour aider Centraide lors de sa campagne saisonni\u00e8re. <\/span><\/p>\n<p><span style=\"font-weight: 400;\">Lors d\u2019un d\u00e9tachement \u00e0 plein temps de 12 semaines, g\u00e9n\u00e9ralement entre septembre et d\u00e9cembre, les repr\u00e9sentants d\u00e9l\u00e9gu\u00e9s b\u00e9n\u00e9ficient d\u2019une formation approfondie et d\u2019un soutien continu qui les rend experts en \u00e9laboration, prestation et \u00e9valuation des efforts de collecte de fonds de <img loading=\"lazy\" decoding=\"async\" class=\"wp-image-848 alignright\" src=\"http:\/\/uwmoncton.wpengine.com\/wp-content\/uploads\/2018\/01\/Loaned-Reps.jpg\" alt=\"\" width=\"377\" height=\"251\" srcset=\"https:\/\/gmsenbunitedway.ca\/wp-content\/uploads\/2018\/01\/Loaned-Reps.jpg 5184w, https:\/\/gmsenbunitedway.ca\/wp-content\/uploads\/2018\/01\/Loaned-Reps-768x512.jpg 768w\" sizes=\"auto, (max-width: 377px) 100vw, 377px\" \/>Centraide. <\/span><\/p>\n<p><span style=\"font-weight: 400;\">Ce programme offre aux employ\u00e9s une chance de d\u00e9veloppement unique quel que soit leur stade de carri\u00e8re. Actuellement, plusieurs organismes incorporent le programme au parcours d\u2019int\u00e9gration des stagiaires en gestion; d\u2019autres le consid\u00e8rent comme un perfectionnement professionnel pour la jeune g\u00e9n\u00e9ration tandis que d\u2019autres encore y ont eu recours comme p\u00e9riode de transition utile pour les employ\u00e9s prenant leur retraite ou quittant l\u2019entreprise.<\/span><\/p>\n<p><span style=\"font-weight: 400;\">\u00c0 leur retour, les repr\u00e9sentants d\u00e9l\u00e9gu\u00e9s reprenant leur poste se sentent revigor\u00e9s, dynamis\u00e9s et enrichis, ils ou elles sont de ce fait mieux plac\u00e9s pour saisir la chance d\u2019une promotion ou autre occasion passionnante. Le programme des repr\u00e9sentantes et repr\u00e9sentants d\u00e9l\u00e9gu\u00e9s de Centraide forme des employ\u00e9s responsables pour les campagnes en milieu de travail (les employ\u00e9s coordinateurs de campagne) ayant re\u00e7u les conseils personnalis\u00e9s et les ressources n\u00e9cessaires pour r\u00e9ussir.<\/span><\/p>\n<p><span style=\"font-weight: 400;\">Pour de plus amples informations concernant le programme des repr\u00e9sentantes et repr\u00e9sentants d\u00e9l\u00e9gu\u00e9s, veuillez nous appeler au 858-8600 ou envoyer un courriel \u00e0 : <\/span><a href=\"mailto:office@moncton.unitedway.ca\"><span style=\"font-weight: 400;\">olivier.doiron@moncton.unitedway.ca<\/span><\/a><\/p>\n<p>&nbsp;<\/p>\n","protected":false},"excerpt":{"rendered":"Parrainage\u00a0 Comptant plus de 190 partenaires dans toute la r\u00e9gion, Centraide est heureux d\u2019offrir divers genres de parrainage possibles allant de la commandite d\u2019\u00e9v\u00e8nements aux prix pour tirages au sort&#8230; <\/p><a class=\"btn btn-brdr-red view-article\" href=\"https:\/\/gmsenbunitedway.ca\/fr\/sponsorship\/\">Read More<\/a>","protected":false},"author":1,"featured_media":1403,"parent":0,"menu_order":0,"comment_status":"closed","ping_status":"closed","template":"","meta":{"_acf_changed":false,"om_disable_all_campaigns":false,"_monsterinsights_skip_tracking":false,"_monsterinsights_sitenote_active":false,"_monsterinsights_sitenote_note":"","_monsterinsights_sitenote_category":0,"_uf_show_specific_survey":0,"_uf_disable_surveys":false,"ngg_post_thumbnail":0,"footnotes":""},"class_list":["post-247","page","type-page","status-publish","has-post-thumbnail","hentry"],"acf":[],"aioseo_notices":[],"_links":{"self":[{"href":"https:\/\/gmsenbunitedway.ca\/fr\/wp-json\/wp\/v2\/pages\/247","targetHints":{"allow":["GET"]}}],"collection":[{"href":"https:\/\/gmsenbunitedway.ca\/fr\/wp-json\/wp\/v2\/pages"}],"about":[{"href":"https:\/\/gmsenbunitedway.ca\/fr\/wp-json\/wp\/v2\/types\/page"}],"author":[{"embeddable":true,"href":"https:\/\/gmsenbunitedway.ca\/fr\/wp-json\/wp\/v2\/users\/1"}],"replies":[{"embeddable":true,"href":"https:\/\/gmsenbunitedway.ca\/fr\/wp-json\/wp\/v2\/comments?post=247"}],"version-history":[{"count":0,"href":"https:\/\/gmsenbunitedway.ca\/fr\/wp-json\/wp\/v2\/pages\/247\/revisions"}],"wp:featuredmedia":[{"embeddable":true,"href":"https:\/\/gmsenbunitedway.ca\/fr\/wp-json\/wp\/v2\/media\/1403"}],"wp:attachment":[{"href":"https:\/\/gmsenbunitedway.ca\/fr\/wp-json\/wp\/v2\/media?parent=247"}],"curies":[{"name":"wp","href":"https:\/\/api.w.org\/{rel}","templated":true}]}}