{"id":252,"date":"2017-10-19T08:05:05","date_gmt":"2017-10-19T12:05:05","guid":{"rendered":"http:\/\/unitedwaycnb.wpengine.com\/?page_id=252"},"modified":"2021-10-21T16:11:58","modified_gmt":"2021-10-21T20:11:58","slug":"vos-dollars-au-travail","status":"publish","type":"page","link":"https:\/\/gmsenbunitedway.ca\/fr\/vos-dollars-au-travail\/","title":{"rendered":"Vos dollars au travail"},"content":{"rendered":"<p><span style=\"font-weight: 400;\">Lorsque vous faites un don \u00e0 Centraide de la r\u00e9gion du Grand Moncton et du sud-est du Nouveau-Brunswick, vous financez un r\u00e9seau d\u2019organismes et d\u2019initiatives communautaires dont le but est de transformer des vies et de produire un impact &nbsp;durable dans notre communaut\u00e9.<\/span><\/p>\n<p><span style=\"font-weight: 400;\">Centraide de la r\u00e9gion du Grand Moncton et du sud-est du Nouveau-Brunswick finance <a href=\"https:\/\/gmsenbunitedway.ca\/fr\/who-we-fund\/\">21 organismes communautaires<\/a>, 23 programmes et plusieurs partenariats visant la cr\u00e9ation d\u2019endroits dynamiques et s\u00e9curitaires pour vivre et la r\u00e9solution des probl\u00e8mes de l\u2019itin\u00e9rance, de l\u2019isolement social et de l\u2019ins\u00e9curit\u00e9 alimentaire.<\/span><\/p>\n<p><span style=\"font-weight: 400;\">Gr\u00e2ce \u00e0 notre \u00e9troite collaboration avec les b\u00e9n\u00e9voles, les donateurs, les employeurs, les organismes communautaires et les organisations gouvernementales, nous restons au courant de ce qui se passe sur le terrain et pouvons d\u00e9terminer les secteurs d\u2019aide les plus pressants. <\/span><\/p>\n<p><span style=\"font-weight: 400;\">100 % de votre don est investi localement \u2013 aucune autre organisation charitable n\u2019investit plus que Centraide dans notre communaut\u00e9.<\/span><\/p>\n<h2><span style=\"font-weight: 400;\"><strong>Un impact plus fort pour votre dollar<\/strong> <\/span><\/h2>\n<p><span style=\"font-weight: 400;\">Nous demeurons efficaces et maintenons les charges \u00e0 un faible niveau en conservant un service de collecte de fonds interne, en tirant profit strat\u00e9giquement de nos b\u00e9n\u00e9voles en milieu de travail (plus de 3&nbsp;000 b\u00e9n\u00e9voles) et en profitant de services et d\u2019appuis gracieusement offerts. Nos d\u00e9penses administratives et de collecte de fonds sont bien inf\u00e9rieures au rapport d\u00e9penses-recettes de 35 pour cent recommand\u00e9 par l\u2019Agence du revenu du Canada, c\u2019est cela qui se traduit par un impact plus fort pour chaque dollar que vous contribuez.<\/span><\/p>\n<p><img loading=\"lazy\" decoding=\"async\" width=\"810\" height=\"535\" class=\"size-full wp-image-2814 aligncenter\" src=\"http:\/\/gmsenbunitedway.ca\/wp-content\/uploads\/2021\/10\/2020-Impact-Report-Graph-for-Webpage-FR.png\" alt=\"\" srcset=\"https:\/\/gmsenbunitedway.ca\/wp-content\/uploads\/2021\/10\/2020-Impact-Report-Graph-for-Webpage-FR.png 810w, https:\/\/gmsenbunitedway.ca\/wp-content\/uploads\/2021\/10\/2020-Impact-Report-Graph-for-Webpage-FR-768x507.png 768w\" sizes=\"auto, (max-width: 810px) 100vw, 810px\" \/><\/p>\n","protected":false},"excerpt":{"rendered":"Lorsque vous faites un don \u00e0 Centraide de la r\u00e9gion du Grand Moncton et du sud-est du Nouveau-Brunswick, vous financez un r\u00e9seau d\u2019organismes et d\u2019initiatives communautaires dont le but est&#8230; <\/p><a class=\"btn btn-brdr-red view-article\" href=\"https:\/\/gmsenbunitedway.ca\/fr\/vos-dollars-au-travail\/\">Read More<\/a>","protected":false},"author":1,"featured_media":0,"parent":0,"menu_order":0,"comment_status":"closed","ping_status":"closed","template":"","meta":{"_acf_changed":false,"om_disable_all_campaigns":false,"_monsterinsights_skip_tracking":false,"_monsterinsights_sitenote_active":false,"_monsterinsights_sitenote_note":"","_monsterinsights_sitenote_category":0,"_uf_show_specific_survey":0,"_uf_disable_surveys":false,"ngg_post_thumbnail":0,"footnotes":""},"class_list":["post-252","page","type-page","status-publish","hentry"],"acf":[],"aioseo_notices":[],"_links":{"self":[{"href":"https:\/\/gmsenbunitedway.ca\/fr\/wp-json\/wp\/v2\/pages\/252","targetHints":{"allow":["GET"]}}],"collection":[{"href":"https:\/\/gmsenbunitedway.ca\/fr\/wp-json\/wp\/v2\/pages"}],"about":[{"href":"https:\/\/gmsenbunitedway.ca\/fr\/wp-json\/wp\/v2\/types\/page"}],"author":[{"embeddable":true,"href":"https:\/\/gmsenbunitedway.ca\/fr\/wp-json\/wp\/v2\/users\/1"}],"replies":[{"embeddable":true,"href":"https:\/\/gmsenbunitedway.ca\/fr\/wp-json\/wp\/v2\/comments?post=252"}],"version-history":[{"count":0,"href":"https:\/\/gmsenbunitedway.ca\/fr\/wp-json\/wp\/v2\/pages\/252\/revisions"}],"wp:attachment":[{"href":"https:\/\/gmsenbunitedway.ca\/fr\/wp-json\/wp\/v2\/media?parent=252"}],"curies":[{"name":"wp","href":"https:\/\/api.w.org\/{rel}","templated":true}]}}