{"id":300,"date":"2017-11-01T15:29:12","date_gmt":"2017-11-01T19:29:12","guid":{"rendered":"http:\/\/unitedwaycnb.wpengine.com\/?page_id=300"},"modified":"2017-11-30T15:21:33","modified_gmt":"2017-11-30T19:21:33","slug":"impact-stories","status":"publish","type":"page","link":"https:\/\/gmsenbunitedway.ca\/fr\/impact-stories\/","title":{"rendered":"Histoire d&rsquo;impact"},"content":{"rendered":"<h2>Alasdair<\/h2>\n<p>J\u2019ai travaill\u00e9 dans l\u2019industrie de la restauration pendant des ann\u00e9es jusqu\u2019\u00e0 ce que mon combat avec l\u2019alcool me co\u00fbte mon emploi. Au d\u00e9but, je devais seulement me serrer la ceinture, mais par la suite, je ne pouvais m\u00eame plus me permettre de manger. Heureusement, j\u2019ai pris contact avec un programme de repas et une agence pr\u00e8s de chez-moi. Ils ne m\u2019ont pas seulement offert un repas sain, ils m\u2019ont offert le commencement d\u2019un nouveau d\u00e9part. Aujourd\u2019hui, je suis b\u00e9n\u00e9vole dans la m\u00eame cuisine qui m\u2019a aid\u00e9 parce que je sais combien un repas peut changer une vie.<\/p>\n<h2>Angie<\/h2>\n<p>J\u2019ai perdu mon meilleur ami le jour o\u00f9 mon mari est mort. En un instant, j\u2019\u00e9tais seule. Les petites choses me manquent. Comment faire un sens de sa vie lorsque son meilleur ami n\u2019est plus? Heureusement, j\u2019ai trouv\u00e9 un programme local pour les a\u00een\u00e9s qui repr\u00e9sentait exactement ce dont j\u2019avais besoin afin de reprendre le contr\u00f4le sur ma vie. Aujourd\u2019hui, je vie ma vie \u00e0 sa pleine capacit\u00e9, entour\u00e9e d\u2019amis.<\/p>\n<h2>Dawn<\/h2>\n<p>J\u2019ai \u00e9chapp\u00e9 \u00e0 une relation abusive. Je me sentais si seule et sans valeur. J\u2019avais besoin d\u2019un nouveau d\u00e9part, mais il m\u2019\u00e9tait difficile de passer \u00e0 autre chose. Je ne croyais pas que ma vie puisse s\u2019am\u00e9liorer un jour. Puis, j\u2019ai visit\u00e9 un centre de ressources familiales et pour la premi\u00e8re fois depuis plusieurs ann\u00e9es, je me suis sentie en s\u00e9curit\u00e9. J\u2019\u00e9tais entour\u00e9e de gens attentionn\u00e9s. Aujourd\u2019hui, j\u2019aide d\u2019autres gens \u00e0 trouver la s\u00e9curit\u00e9 et un sentiment d\u2019appartenance tout comme on l\u2019a fait pour moi.<\/p>\n<h2>Grace<\/h2>\n<p>Il est difficile de pr\u00e9parer un repas sain avec le budget d\u2019un a\u00een\u00e9. Je suis n\u00e9e pendant la guerre. Je ne me souciais pas de la valeur nutritive, tant que ma famille avait quelque chose \u00e0 manger. Il est difficile de cuisiner un bon repas lorsque l\u2019on vit seule, mais un programme alimentaire local m\u2019a tout appris d\u2019une alimentation saine, notamment comment lire les \u00e9tiquettes et cuisiner avec un budget. Aujourd\u2019hui, je suis heureuse et ma sant\u00e9 est meilleure. Je me suis fait plusieurs amis qui font toute la diff\u00e9rence.<\/p>\n<h2>Jerilyn<\/h2>\n<p>Chacun sait ce que c\u2019est que de faire face \u00e0 des moments difficiles. J\u2019ai eu mes hauts et mes bas, je me suis sentie seule et d\u00e9connect\u00e9e. Lorsque j\u2019ai commenc\u00e9 \u00e0 faire du b\u00e9n\u00e9volat pour une ligne de crise, j\u2019ai r\u00e9alis\u00e9 que je pouvais aider des gens \u00e0 faire face \u00e0 leurs propres d\u00e9fis; les grands comme ceux qui ne demandent que de passer \u00e0 l\u2019\u00e9tape suivante. Aujourd\u2019hui, j\u2019ai plus qu\u2019une carri\u00e8re significative, j\u2019ai une mission; celle d\u2019aider des gens \u00e0 trouver espoir durant les moments difficiles.<\/p>\n<h2>Nicole<\/h2>\n<p>Lorsque j\u2019\u00e9tais jeune, j\u2019avais le sentiment que l\u2019argent \u00e9quivalait \u00e0 la valeur d\u2019un individu et la mienne \u00e9tait nulle. J\u2019ai quitt\u00e9 le secondaire et d\u00e9velopp\u00e9 une d\u00e9pendance aux drogues. Apr\u00e8s un s\u00e9jour en prison, je savais qu\u2019il \u00e9tait temps de changer. Heureusement, j\u2019ai re\u00e7u l\u2019aide dont j\u2019avais besoin et gr\u00e2ce \u00e0 un programme d\u2019\u00e9ducation financi\u00e8re, j\u2019ai m\u00eame chang\u00e9 ma perception de l\u2019argent. Aujourd\u2019hui, je prends le contr\u00f4le sur mon avenir et j\u2019aide d\u2019autres femmes \u00e0 en faire de m\u00eame.<\/p>\n<h2>Pauline<\/h2>\n<p>Mes jumelles sont parfaites. Elles sont brillantes, aimantes et amusantes, mais elles ont \u00e9galement fait face \u00e0 des d\u00e9fis d\u00e9veloppementaux. \u00c0 18 mois, elles parlaient \u00e0 peine et je pensais que c\u2019\u00e9tait de ma faute. Lorsque j\u2019ai d\u00e9couvert les programmes pour les besoins sp\u00e9ciaux, tout a chang\u00e9. Aujourd\u2019hui, mes filles sont heureuses, sociable et pr\u00eate \u00e0 commencer l\u2019\u00e9cole \u00e0 l\u2019automne. Je ne pourrais \u00eatre plus fi\u00e8re.<\/p>\n<h2>Rama<\/h2>\n<p>Nous avions une belle vie en Syrie avant la guerre. Mon mari \u00e9tait avocat et moi j\u2019enseignais \u00e0 l\u2019universit\u00e9 locale, mais la vie est devenue trop dangereuse. Je quittais la maison chaque jour en disant au revoir, ne sachant pas si j\u2019allais un jour revenir. La vie au Canada nous a apport\u00e9 la s\u00e9curit\u00e9, mais aussi une nouvelle langue et une nouvelle culture. Nous nous sentions seuls. Heureusement, une agence dans notre quartier nous a aid\u00e9 \u00e0 naviguer dans notre nouvelle communaut\u00e9 qui est maintenant notre chez-nous. Aujourd\u2019hui, quand je pense \u00e0 l\u2019avenir, j\u2019ai de l\u2019espoir.<\/p>\n<h2>Verdann<\/h2>\n<p>En grandissant, je n\u2019avais pas vraiment d\u2019appartenance nulle part. Je dormais sur des divans, logeais dans des maisons de transition, j\u2019ai m\u00eame dormi dans la rue. C\u2019est difficile pour un enfant de ne pas savoir si on aura un endroit s\u00e9curitaire o\u00f9 dormir. J\u2019ai finalement trouv\u00e9 un endroit qui me donne un sentiment d\u2019appartenance et aujourd\u2019hui, je suis coordonnateur d\u2019un programme pour les enfants. J\u2019aide des enfants comme moi \u00e0 se sentir en s\u00e9curit\u00e9, pris en charge et pr\u00eats \u00e0 conqu\u00e9rir le monde.<\/p>\n<p>&nbsp;<\/p>\n","protected":false},"excerpt":{"rendered":"Alasdair J\u2019ai travaill\u00e9 dans l\u2019industrie de la restauration pendant des ann\u00e9es jusqu\u2019\u00e0 ce que mon combat avec l\u2019alcool me co\u00fbte mon emploi. Au d\u00e9but, je devais seulement me serrer la&#8230; <\/p><a class=\"btn btn-brdr-red view-article\" href=\"https:\/\/gmsenbunitedway.ca\/fr\/impact-stories\/\">Read More<\/a>","protected":false},"author":1,"featured_media":225,"parent":0,"menu_order":0,"comment_status":"closed","ping_status":"closed","template":"","meta":{"_acf_changed":false,"om_disable_all_campaigns":false,"_monsterinsights_skip_tracking":false,"_monsterinsights_sitenote_active":false,"_monsterinsights_sitenote_note":"","_monsterinsights_sitenote_category":0,"_uf_show_specific_survey":0,"_uf_disable_surveys":false,"ngg_post_thumbnail":0,"footnotes":""},"class_list":["post-300","page","type-page","status-publish","has-post-thumbnail","hentry"],"acf":[],"aioseo_notices":[],"_links":{"self":[{"href":"https:\/\/gmsenbunitedway.ca\/fr\/wp-json\/wp\/v2\/pages\/300","targetHints":{"allow":["GET"]}}],"collection":[{"href":"https:\/\/gmsenbunitedway.ca\/fr\/wp-json\/wp\/v2\/pages"}],"about":[{"href":"https:\/\/gmsenbunitedway.ca\/fr\/wp-json\/wp\/v2\/types\/page"}],"author":[{"embeddable":true,"href":"https:\/\/gmsenbunitedway.ca\/fr\/wp-json\/wp\/v2\/users\/1"}],"replies":[{"embeddable":true,"href":"https:\/\/gmsenbunitedway.ca\/fr\/wp-json\/wp\/v2\/comments?post=300"}],"version-history":[{"count":0,"href":"https:\/\/gmsenbunitedway.ca\/fr\/wp-json\/wp\/v2\/pages\/300\/revisions"}],"wp:featuredmedia":[{"embeddable":true,"href":"https:\/\/gmsenbunitedway.ca\/fr\/wp-json\/wp\/v2\/media\/225"}],"wp:attachment":[{"href":"https:\/\/gmsenbunitedway.ca\/fr\/wp-json\/wp\/v2\/media?parent=300"}],"curies":[{"name":"wp","href":"https:\/\/api.w.org\/{rel}","templated":true}]}}