{"id":3181,"date":"2022-03-07T10:32:07","date_gmt":"2022-03-07T14:32:07","guid":{"rendered":"https:\/\/gmsenbunitedway.ca\/soupfest-2022\/"},"modified":"2025-03-04T14:10:35","modified_gmt":"2025-03-04T18:10:35","slug":"soupfest-2022","status":"publish","type":"page","link":"https:\/\/gmsenbunitedway.ca\/fr\/soupfest-2022\/","title":{"rendered":"Soupfest 2025"},"content":{"rendered":"<p>Merci \u00e0 tous les participants du Soupfest 2025 !<\/p>\n<p><a href=\"https:\/\/gmsenbunitedway.ca\/fr\/soupfest-2022\/soup-fest-image-2\/\" rel=\"attachment wp-att-4354\"><img loading=\"lazy\" decoding=\"async\" width=\"2000\" height=\"1333\" class=\"alignnone size-full wp-image-4354\" src=\"http:\/\/gmsenbunitedway.ca\/wp-content\/uploads\/2025\/03\/Soup-Fest-Image.jpg\" alt=\"\" srcset=\"https:\/\/gmsenbunitedway.ca\/wp-content\/uploads\/2025\/03\/Soup-Fest-Image.jpg 2000w, https:\/\/gmsenbunitedway.ca\/wp-content\/uploads\/2025\/03\/Soup-Fest-Image-768x512.jpg 768w, https:\/\/gmsenbunitedway.ca\/wp-content\/uploads\/2025\/03\/Soup-Fest-Image-1536x1024.jpg 1536w\" sizes=\"auto, (max-width: 2000px) 100vw, 2000px\" \/><\/a><\/p>\n<p>Votre soutien et votre enthousiasme ont fait de l&rsquo;\u00e9v\u00e9nement de cette ann\u00e9e un \u00e9norme succ\u00e8s. Nous n&rsquo;aurions pas pu le faire sans vous. Nous esp\u00e9rons que vous avez appr\u00e9ci\u00e9 les d\u00e9licieuses soupes et que vous vous \u00eates bien amus\u00e9s. Nous esp\u00e9rons vous revoir l&rsquo;ann\u00e9e prochaine !<\/p>\n","protected":false},"excerpt":{"rendered":"Merci \u00e0 tous les participants du Soupfest 2025 ! Votre soutien et votre enthousiasme ont fait de l&rsquo;\u00e9v\u00e9nement de cette ann\u00e9e un \u00e9norme succ\u00e8s. Nous n&rsquo;aurions pas pu le faire&#8230; <\/p><a class=\"btn btn-brdr-red view-article\" href=\"https:\/\/gmsenbunitedway.ca\/fr\/soupfest-2022\/\">Read More<\/a>","protected":false},"author":2,"featured_media":0,"parent":0,"menu_order":0,"comment_status":"closed","ping_status":"closed","template":"","meta":{"_acf_changed":false,"om_disable_all_campaigns":false,"_monsterinsights_skip_tracking":false,"_monsterinsights_sitenote_active":false,"_monsterinsights_sitenote_note":"","_monsterinsights_sitenote_category":0,"_uf_show_specific_survey":0,"_uf_disable_surveys":false,"ngg_post_thumbnail":0,"footnotes":""},"class_list":["post-3181","page","type-page","status-publish","hentry"],"acf":[],"aioseo_notices":[],"_links":{"self":[{"href":"https:\/\/gmsenbunitedway.ca\/fr\/wp-json\/wp\/v2\/pages\/3181","targetHints":{"allow":["GET"]}}],"collection":[{"href":"https:\/\/gmsenbunitedway.ca\/fr\/wp-json\/wp\/v2\/pages"}],"about":[{"href":"https:\/\/gmsenbunitedway.ca\/fr\/wp-json\/wp\/v2\/types\/page"}],"author":[{"embeddable":true,"href":"https:\/\/gmsenbunitedway.ca\/fr\/wp-json\/wp\/v2\/users\/2"}],"replies":[{"embeddable":true,"href":"https:\/\/gmsenbunitedway.ca\/fr\/wp-json\/wp\/v2\/comments?post=3181"}],"version-history":[{"count":0,"href":"https:\/\/gmsenbunitedway.ca\/fr\/wp-json\/wp\/v2\/pages\/3181\/revisions"}],"wp:attachment":[{"href":"https:\/\/gmsenbunitedway.ca\/fr\/wp-json\/wp\/v2\/media?parent=3181"}],"curies":[{"name":"wp","href":"https:\/\/api.w.org\/{rel}","templated":true}]}}