{"id":3243,"date":"2022-04-12T10:53:20","date_gmt":"2022-04-12T14:53:20","guid":{"rendered":"https:\/\/gmsenbunitedway.ca\/?page_id=3243"},"modified":"2022-04-12T12:51:52","modified_gmt":"2022-04-12T16:51:52","slug":"celebration-de-la-campagne-2021-communique-de-presse","status":"publish","type":"page","link":"https:\/\/gmsenbunitedway.ca\/fr\/blog-fr\/celebration-de-la-campagne-2021-communique-de-presse\/","title":{"rendered":"C\u00e9l\u00e9bration de la Campagne 2021 &#8211; Communiqu\u00e9 de presse"},"content":{"rendered":"<p>(Moncton, N.-B. &#8211; 7 avril, 2022) &#8211; Centraide du Grand Moncton et du Sud-Est du Nouveau-Brunswick est heureux de c\u00e9l\u00e9brer les efforts de tous ceux qui l\u2019ont aid\u00e9 au cours de la derni\u00e8re ann\u00e9e. Gr\u00e2ce au soutien et au travail acharn\u00e9 de la communaut\u00e9, nous c\u00e9l\u00e9brons l\u2019accomplissement de la collecte de 2 204 169,95 $.<\/p>\n<p>Cette campagne a \u00e9t\u00e9 un v\u00e9ritable d\u00e9fi, c\u2019est le moins que l\u2019on puisse dire, mais nous avons vu tant de gens se mobiliser. Nous avons vu des collectes de fonds cr\u00e9atives, et nos partenaires ont travaill\u00e9 dur pour promouvoir leurs campagnes et continuer \u00e0 faire conna\u00eetre le travail de Centraide dans la communaut\u00e9.<\/p>\n<p>Nous nous \u00e9tions fix\u00e9 un objectif de 2,2 millions de dollars, mais nous avons r\u00e9colt\u00e9 la somme incroyable de 2 204 169,95 dollars. Gr\u00e2ce au soutien de la communaut\u00e9 et \u00e0 ses g\u00e9n\u00e9reuses contributions au Fonds communautaire de Centraide en 2021, nous pourrons financer 22 programmes essentiels dispens\u00e9s par 21 agences dans notre communaut\u00e9. Ce sont des services qui changent des vies &#8211; et des services qui sauvent des vies.<\/p>\n<p>Chaque jour, des personnes de notre communaut\u00e9 se battent pour une meilleure vie pour elles-m\u00eames et pour leurs proches. Ces personnes comptent sur les programmes essentiels financ\u00e9s par Centraidepour les aider \u00e0 se diriger vers un avenir meilleur.<\/p>\n<p>\u00ab Nous sommes reconnaissants de vivre dans une communaut\u00e9 qui a vraiment \u00e0 coeur de s\u2019entraider et de travailler avec un groupe de supporteurs infatigables. Pour nos communaut\u00e9s confront\u00e9es \u00e0 des probl\u00e8mes tels que la sant\u00e9 mentale, l\u2019ins\u00e9curit\u00e9 alimentaire, la pauvret\u00e9, l\u2019isolement social et l\u2019itin\u00e9rance &#8211; des probl\u00e8mes aggrav\u00e9s par la poursuite de la pand\u00e9mie \u00bb, a d\u00e9clar\u00e9 M. Sallaj. \u00ab La communaut\u00e9 a entendu notre appel et s\u2019est mobilis\u00e9e de mani\u00e8re tr\u00e8s importante. C\u2019est inspirant. C\u2019est l\u2019amour local \u00e0 son meilleur. \u00bb<\/p>\n<p>Le pr\u00e9sident du cabinet, Philip Sallaj, c\u00e9l\u00e8bre l\u2019amour local dont notre communaut\u00e9 a fait preuve, avec g\u00e9n\u00e9rosit\u00e9, compassion et attention, pour soutenir les citoyens les plus vuln\u00e9rables de la communaut\u00e9 aux prises avec des probl\u00e8mes exacerb\u00e9s par la pand\u00e9mie de COVID-19.<\/p>\n<p>\u00ab Cette campagne est un beau reflet de notre r\u00e9gion &#8211; une r\u00e9gion au grand coeur, une r\u00e9gion remplie de gens qui se soucient profond\u00e9ment de leurs voisins et qui s\u2019engagent \u00e0 b\u00e2tir des communaut\u00e9s fortes \u00bb, d\u00e9clare Mischka Jacobs, D\u00e9veloppement philanthropique \u00e0 Centraide. \u00ab Cette campagne refl\u00e8te non seulement ce qui est possible lorsque nous nous unissons, mais aussi la diff\u00e9rence que nous pouvons tous faire. C\u2019est l\u2019amour local en action. \u00bb<\/p>\n<p>La campagne de financement annuelle de Centraide local, qui se d\u00e9roule principalement de septembre \u00e0 d\u00e9cembre, permet de recueillir des fonds principalement par le biais de programmes de retenues salariales sur le lieu de travail, ainsi que par des contributions de particuliers et d\u2019entreprises et des \u00e9v\u00e9nements sp\u00e9ciaux. Tous les fonds vers\u00e9s au fonds communautaire de Centraide sont investis localement dans le sud-est du Nouveau-Brunswick.<\/p>\n<p>&nbsp;<\/p>\n<p><img loading=\"lazy\" decoding=\"async\" class=\"wp-image-3242 aligncenter\" src=\"http:\/\/gmsenbunitedway.ca\/wp-content\/uploads\/2022\/04\/MicrosoftTeams-image-36.jpg\" alt=\"\" width=\"831\" height=\"624\"><\/p>\n<p style=\"text-align: center;\"><em>De gauche \u00e0 droite : Phil Sallaj, pr\u00e9sident du cabinet de collecte de fonds strat\u00e9gique de Centraide, et Mischka Jacobs, directrice du d\u00e9veloppement philantropique.<\/em><\/p>\n<p>&nbsp;<\/p>\n<p style=\"text-align: center;\">Pour plus d\u2019informations, veuillez contacter<br \/>\nMischka Jacobs<br \/>\nDirectrice du d\u00e9veloppement philanthropique<br \/>\nCentraide du Grand Moncton<br \/>\net du Sud-Est du Nouveau-Brunswick<br \/>\n506 858-8600, poste 3666<br \/>\nmjacobs@moncton.unitedway.ca<\/p>\n<p>&nbsp;<\/p>\n","protected":false},"excerpt":{"rendered":"(Moncton, N.-B. &#8211; 7 avril, 2022) &#8211; Centraide du Grand Moncton et du Sud-Est du Nouveau-Brunswick est heureux de c\u00e9l\u00e9brer les efforts de tous ceux qui l\u2019ont aid\u00e9 au cours&#8230; <\/p><a class=\"btn btn-brdr-red view-article\" href=\"https:\/\/gmsenbunitedway.ca\/fr\/blog-fr\/celebration-de-la-campagne-2021-communique-de-presse\/\">Read More<\/a>","protected":false},"author":2,"featured_media":3242,"parent":2182,"menu_order":0,"comment_status":"closed","ping_status":"closed","template":"","meta":{"_acf_changed":false,"om_disable_all_campaigns":false,"_monsterinsights_skip_tracking":false,"_monsterinsights_sitenote_active":false,"_monsterinsights_sitenote_note":"","_monsterinsights_sitenote_category":0,"_uf_show_specific_survey":0,"_uf_disable_surveys":false,"ngg_post_thumbnail":0,"footnotes":""},"class_list":["post-3243","page","type-page","status-publish","has-post-thumbnail","hentry"],"acf":[],"aioseo_notices":[],"_links":{"self":[{"href":"https:\/\/gmsenbunitedway.ca\/fr\/wp-json\/wp\/v2\/pages\/3243","targetHints":{"allow":["GET"]}}],"collection":[{"href":"https:\/\/gmsenbunitedway.ca\/fr\/wp-json\/wp\/v2\/pages"}],"about":[{"href":"https:\/\/gmsenbunitedway.ca\/fr\/wp-json\/wp\/v2\/types\/page"}],"author":[{"embeddable":true,"href":"https:\/\/gmsenbunitedway.ca\/fr\/wp-json\/wp\/v2\/users\/2"}],"replies":[{"embeddable":true,"href":"https:\/\/gmsenbunitedway.ca\/fr\/wp-json\/wp\/v2\/comments?post=3243"}],"version-history":[{"count":0,"href":"https:\/\/gmsenbunitedway.ca\/fr\/wp-json\/wp\/v2\/pages\/3243\/revisions"}],"up":[{"embeddable":true,"href":"https:\/\/gmsenbunitedway.ca\/fr\/wp-json\/wp\/v2\/pages\/2182"}],"wp:featuredmedia":[{"embeddable":true,"href":"https:\/\/gmsenbunitedway.ca\/fr\/wp-json\/wp\/v2\/media\/3242"}],"wp:attachment":[{"href":"https:\/\/gmsenbunitedway.ca\/fr\/wp-json\/wp\/v2\/media?parent=3243"}],"curies":[{"name":"wp","href":"https:\/\/api.w.org\/{rel}","templated":true}]}}