{"id":396,"date":"2017-11-10T13:30:00","date_gmt":"2017-11-10T17:30:00","guid":{"rendered":"http:\/\/unitedwaycnb.wpengine.com\/?page_id=396"},"modified":"2017-11-30T15:54:57","modified_gmt":"2017-11-30T19:54:57","slug":"volunteer","status":"publish","type":"page","link":"https:\/\/gmsenbunitedway.ca\/fr\/volunteer\/","title":{"rendered":"Engagez-vous"},"content":{"rendered":"<h2><b>Sois b\u00e9n\u00e9vole chez Centraide<\/b><\/h2>\n<p><span style=\"font-weight: 400;\">Centraide du centre du Nouveau-Brunswick d\u00e9pend de l\u2019engagement de centaines de b\u00e9n\u00e9voles qui contribuent d\u2019une multitude de fa\u00e7ons \u00e0 nous aider \u00e0 atteindre nos buts. Nous sommes toujours \u00e0 la recherche de b\u00e9n\u00e9voles pour nous assister dans nos activit\u00e9s de campagne, dans des t\u00e2ches \u00e0 l\u2019interne, aux \u00e9v\u00e9nements et aupr\u00e8s de nos agences partenaires.<\/span><\/p>\n<p><span style=\"font-weight: 400;\">Nous identifierons les opportunit\u00e9s de b\u00e9n\u00e9volat dans notre communaut\u00e9 en lien avec vos comp\u00e9tences, votre disponibilit\u00e9 et vos int\u00e9r\u00eats et ce, afin de vous offrir une exp\u00e9rience de b\u00e9n\u00e9volat r\u00e9ellement significative et valorisante.<\/span><\/p>\n<p><span style=\"font-weight: 400;\">Si le b\u00e9n\u00e9volat aupr\u00e8s de Centraide vous int\u00e9resse, veuillez communiquer avec Roxana Atkinson, directrice d\u2019Impact communautaire au (506) 459-7773 poste 204, ou \u00e0 l\u2019adresse <a href=\"mailto:roxana@unitedwaycentral.com\" target=\"_blank\" rel=\"noopener\">roxana@unitedwaycentral.com<\/a><\/span><\/p>\n","protected":false},"excerpt":{"rendered":"Sois b\u00e9n\u00e9vole chez Centraide Centraide du centre du Nouveau-Brunswick d\u00e9pend de l\u2019engagement de centaines de b\u00e9n\u00e9voles qui contribuent d\u2019une multitude de fa\u00e7ons \u00e0 nous aider \u00e0 atteindre nos buts. Nous&#8230; <\/p><a class=\"btn btn-brdr-red view-article\" href=\"https:\/\/gmsenbunitedway.ca\/fr\/volunteer\/\">Read More<\/a>","protected":false},"author":1,"featured_media":86,"parent":0,"menu_order":0,"comment_status":"closed","ping_status":"closed","template":"","meta":{"_acf_changed":false,"om_disable_all_campaigns":false,"_monsterinsights_skip_tracking":false,"_monsterinsights_sitenote_active":false,"_monsterinsights_sitenote_note":"","_monsterinsights_sitenote_category":0,"_uf_show_specific_survey":0,"_uf_disable_surveys":false,"ngg_post_thumbnail":0,"footnotes":""},"class_list":["post-396","page","type-page","status-publish","has-post-thumbnail","hentry"],"acf":[],"aioseo_notices":[],"_links":{"self":[{"href":"https:\/\/gmsenbunitedway.ca\/fr\/wp-json\/wp\/v2\/pages\/396","targetHints":{"allow":["GET"]}}],"collection":[{"href":"https:\/\/gmsenbunitedway.ca\/fr\/wp-json\/wp\/v2\/pages"}],"about":[{"href":"https:\/\/gmsenbunitedway.ca\/fr\/wp-json\/wp\/v2\/types\/page"}],"author":[{"embeddable":true,"href":"https:\/\/gmsenbunitedway.ca\/fr\/wp-json\/wp\/v2\/users\/1"}],"replies":[{"embeddable":true,"href":"https:\/\/gmsenbunitedway.ca\/fr\/wp-json\/wp\/v2\/comments?post=396"}],"version-history":[{"count":0,"href":"https:\/\/gmsenbunitedway.ca\/fr\/wp-json\/wp\/v2\/pages\/396\/revisions"}],"wp:featuredmedia":[{"embeddable":true,"href":"https:\/\/gmsenbunitedway.ca\/fr\/wp-json\/wp\/v2\/media\/86"}],"wp:attachment":[{"href":"https:\/\/gmsenbunitedway.ca\/fr\/wp-json\/wp\/v2\/media?parent=396"}],"curies":[{"name":"wp","href":"https:\/\/api.w.org\/{rel}","templated":true}]}}