{"id":4215,"date":"2024-10-11T12:22:59","date_gmt":"2024-10-11T16:22:59","guid":{"rendered":"https:\/\/gmsenbunitedway.ca\/?page_id=4215"},"modified":"2024-10-16T15:46:18","modified_gmt":"2024-10-16T19:46:18","slug":"affichesdecampagne","status":"publish","type":"page","link":"https:\/\/gmsenbunitedway.ca\/fr\/affichesdecampagne\/","title":{"rendered":"Affiches de campagne"},"content":{"rendered":"<p><p>no images were found<\/p>Pour t\u00e9l\u00e9charger celles-ci (au bas de la page) et pour plus de d\u00e9tails sur vos campagnes en bureau, visitez-nous <a href=\"https:\/\/gmsenbunitedway.ca\/fr\/workplace-campaign\/\">ici<\/a>.<\/p>\n","protected":false},"excerpt":{"rendered":"Pour t\u00e9l\u00e9charger celles-ci (au bas de la page) et pour plus de d\u00e9tails sur vos campagnes en bureau, visitez-nous ici.","protected":false},"author":2,"featured_media":0,"parent":0,"menu_order":0,"comment_status":"closed","ping_status":"closed","template":"","meta":{"_acf_changed":false,"om_disable_all_campaigns":false,"_monsterinsights_skip_tracking":false,"_monsterinsights_sitenote_active":false,"_monsterinsights_sitenote_note":"","_monsterinsights_sitenote_category":0,"_uf_show_specific_survey":0,"_uf_disable_surveys":false,"ngg_post_thumbnail":0,"footnotes":""},"class_list":["post-4215","page","type-page","status-publish","hentry"],"acf":[],"aioseo_notices":[],"_links":{"self":[{"href":"https:\/\/gmsenbunitedway.ca\/fr\/wp-json\/wp\/v2\/pages\/4215","targetHints":{"allow":["GET"]}}],"collection":[{"href":"https:\/\/gmsenbunitedway.ca\/fr\/wp-json\/wp\/v2\/pages"}],"about":[{"href":"https:\/\/gmsenbunitedway.ca\/fr\/wp-json\/wp\/v2\/types\/page"}],"author":[{"embeddable":true,"href":"https:\/\/gmsenbunitedway.ca\/fr\/wp-json\/wp\/v2\/users\/2"}],"replies":[{"embeddable":true,"href":"https:\/\/gmsenbunitedway.ca\/fr\/wp-json\/wp\/v2\/comments?post=4215"}],"version-history":[{"count":0,"href":"https:\/\/gmsenbunitedway.ca\/fr\/wp-json\/wp\/v2\/pages\/4215\/revisions"}],"wp:attachment":[{"href":"https:\/\/gmsenbunitedway.ca\/fr\/wp-json\/wp\/v2\/media?parent=4215"}],"curies":[{"name":"wp","href":"https:\/\/api.w.org\/{rel}","templated":true}]}}