{"id":4256,"date":"2024-11-14T12:02:25","date_gmt":"2024-11-14T16:02:25","guid":{"rendered":"https:\/\/gmsenbunitedway.ca\/?page_id=4256"},"modified":"2024-11-14T12:02:26","modified_gmt":"2024-11-14T16:02:26","slug":"tirage-la-force-en-vous-50-50","status":"publish","type":"page","link":"https:\/\/gmsenbunitedway.ca\/fr\/tirage-la-force-en-vous-50-50\/","title":{"rendered":"Tirage La Force En Vous 50\/50"},"content":{"rendered":"<p><strong><a href=\"https:\/\/gmsenbunitedway.ca\/fr\/tirage-la-force-en-vous-50-50\/family\/\" rel=\"attachment wp-att-4257\"><img loading=\"lazy\" decoding=\"async\" class=\"alignnone  wp-image-4257\" src=\"http:\/\/gmsenbunitedway.ca\/wp-content\/uploads\/2024\/11\/family.png\" alt=\"\" width=\"687\" height=\"109\" srcset=\"https:\/\/gmsenbunitedway.ca\/wp-content\/uploads\/2024\/11\/family.png 1009w, https:\/\/gmsenbunitedway.ca\/wp-content\/uploads\/2024\/11\/family-768x122.png 768w\" sizes=\"auto, (max-width: 687px) 100vw, 687px\" \/><\/a> <\/strong><\/p>\n<p><strong>Participez au tirage hebdomadaire La Force En Vous 50\/50 et faites une diff\u00e9rence !<\/strong><\/p>\n<p>Procurez-vous vos billets MAINTENANT sur Play 4 Good NB et faites partie de quelque chose de sp\u00e9cial ! E<\/p>\n<p>Ensemble, nous sommes plus forts !<\/p>\n<p>Le tirage a lieu chaque jeudi \u00e0 13 h 30 HAA. Vous devez avoir 19 ans ou plus et \u00eatre situ\u00e9 au Nouveau-Brunswick pour participer.<\/p>\n<p><a href=\"https:\/\/unitedway.nb.play4good.ca\/\" target=\"_new\" rel=\"noopener\">https:\/\/unitedway.nb.play4good.ca\/<\/a><\/p>\n","protected":false},"excerpt":{"rendered":"Participez au tirage hebdomadaire La Force En Vous 50\/50 et faites une diff\u00e9rence ! Procurez-vous vos billets MAINTENANT sur Play 4 Good NB et faites partie de quelque chose de&#8230; <\/p><a class=\"btn btn-brdr-red view-article\" href=\"https:\/\/gmsenbunitedway.ca\/fr\/tirage-la-force-en-vous-50-50\/\">Read More<\/a>","protected":false},"author":2,"featured_media":0,"parent":0,"menu_order":0,"comment_status":"closed","ping_status":"closed","template":"","meta":{"_acf_changed":false,"om_disable_all_campaigns":false,"_monsterinsights_skip_tracking":false,"_monsterinsights_sitenote_active":false,"_monsterinsights_sitenote_note":"","_monsterinsights_sitenote_category":0,"_uf_show_specific_survey":0,"_uf_disable_surveys":false,"ngg_post_thumbnail":0,"footnotes":""},"class_list":["post-4256","page","type-page","status-publish","hentry"],"acf":[],"aioseo_notices":[],"_links":{"self":[{"href":"https:\/\/gmsenbunitedway.ca\/fr\/wp-json\/wp\/v2\/pages\/4256","targetHints":{"allow":["GET"]}}],"collection":[{"href":"https:\/\/gmsenbunitedway.ca\/fr\/wp-json\/wp\/v2\/pages"}],"about":[{"href":"https:\/\/gmsenbunitedway.ca\/fr\/wp-json\/wp\/v2\/types\/page"}],"author":[{"embeddable":true,"href":"https:\/\/gmsenbunitedway.ca\/fr\/wp-json\/wp\/v2\/users\/2"}],"replies":[{"embeddable":true,"href":"https:\/\/gmsenbunitedway.ca\/fr\/wp-json\/wp\/v2\/comments?post=4256"}],"version-history":[{"count":0,"href":"https:\/\/gmsenbunitedway.ca\/fr\/wp-json\/wp\/v2\/pages\/4256\/revisions"}],"wp:attachment":[{"href":"https:\/\/gmsenbunitedway.ca\/fr\/wp-json\/wp\/v2\/media?parent=4256"}],"curies":[{"name":"wp","href":"https:\/\/api.w.org\/{rel}","templated":true}]}}