{"id":4295,"date":"2024-11-15T11:07:56","date_gmt":"2024-11-15T15:07:56","guid":{"rendered":"https:\/\/gmsenbunitedway.ca\/?page_id=4295"},"modified":"2024-11-15T11:07:56","modified_gmt":"2024-11-15T15:07:56","slug":"tiragecartescadeaux2024","status":"publish","type":"page","link":"https:\/\/gmsenbunitedway.ca\/fr\/tiragecartescadeaux2024\/","title":{"rendered":"Tirage de l&rsquo;arbre de cartes-cadeaux 2024"},"content":{"rendered":"<p style=\"text-align: center;\">\ud83c\udf1f <strong>Tirage \u00ab\u00a0Arbre de Cartes-Cadeaux\u00a0\u00bb : Gagnez plus de 4000 $ en cartes-cadeaux locales!<\/strong> \ud83c\udf1f<a href=\"https:\/\/gmsenbunitedway.ca\/fr\/tiragecartescadeaux2024\/smaller-2024-poster\/\" rel=\"attachment wp-att-4308\"><img loading=\"lazy\" decoding=\"async\" class=\"wp-image-4308 alignnone\" src=\"http:\/\/gmsenbunitedway.ca\/wp-content\/uploads\/2024\/11\/Smaller-2024-POSTER.png\" alt=\"\" width=\"486\" height=\"629\" srcset=\"https:\/\/gmsenbunitedway.ca\/wp-content\/uploads\/2024\/11\/Smaller-2024-POSTER.png 1545w, https:\/\/gmsenbunitedway.ca\/wp-content\/uploads\/2024\/11\/Smaller-2024-POSTER-768x994.png 768w, https:\/\/gmsenbunitedway.ca\/wp-content\/uploads\/2024\/11\/Smaller-2024-POSTER-1187x1536.png 1187w\" sizes=\"auto, (max-width: 486px) 100vw, 486px\" \/><\/a><\/p>\n<p>Vous cherchez un moyen parfait de redonner \u00e0 la communaut\u00e9 tout en vous faisant plaisir, ou en faisant plaisir \u00e0 un proche?<\/p>\n<p>Participez au tirage de l&rsquo;Arbre de Cartes-Cadeaux, o\u00f9 vous pourriez gagner plus de 4000 $ en cartes-cadeaux locales de vos commerces pr\u00e9f\u00e9r\u00e9s \u2013 restaurants, boutiques, divertissements, et bien plus \u2013 tout en soutenant une belle cause!<\/p>\n<p>Tous les fonds recueillis soutiennent la campagne de financement 2024 de Centraide, aidant \u00e0 appuyer 22 programmes essentiels r\u00e9partis dans 21 agences locales. Centraide aide les personnes les plus vuln\u00e9rables de notre communaut\u00e9 \u00e0 passer de la pauvret\u00e9 \u00e0 la possibilit\u00e9, et aide les enfants \u00e0 se r\u00e9aliser pleinement. Plus vous achetez, plus vous aidez \u2013 et plus vos chances de gagner augmentent! Un grand merci pour votre soutien \u00e0 Centraide.<\/p>\n<p>Obtenez vos billets d\u00e8s maintenant et faites une diff\u00e9rence!<\/p>\n<p>Les billets peuvent \u00eatre achet\u00e9s jusqu&rsquo;au 12 d\u00e9cembre \u00e0 minuit, et le tirage aura lieu le 13 d\u00e9cembre, alors ne tardez pas! Faisons grandir ensemble cet arbre de soutien. \ud83c\udf33<\/p>\n<p><strong>Comment acheter des billets :<\/strong><\/p>\n<p>Visitez le <a title=\"lien du tirage\" href=\"https:\/\/donate.uwatwork.com\/donor\/C8F3A969-FEDD-4344-8BFD-B0E8892D15A6\">lien du tirage <\/a><br \/>\nVirement Interac \u00e0 <a rel=\"noopener\">finance@moncton.unitedway.ca<\/a><br \/>\nAppelez Centraide au (506) 858-8600.<\/p>\n<p><a href=\"https:\/\/gmsenbunitedway.ca\/fr\/tiragecartescadeaux2024\/screenshot-2024-11-15-110459\/\" rel=\"attachment wp-att-4306\"><img loading=\"lazy\" decoding=\"async\" width=\"1150\" height=\"753\" class=\"alignnone size-full wp-image-4306\" src=\"http:\/\/gmsenbunitedway.ca\/wp-content\/uploads\/2024\/11\/Screenshot-2024-11-15-110459.png\" alt=\"\" srcset=\"https:\/\/gmsenbunitedway.ca\/wp-content\/uploads\/2024\/11\/Screenshot-2024-11-15-110459.png 1150w, https:\/\/gmsenbunitedway.ca\/wp-content\/uploads\/2024\/11\/Screenshot-2024-11-15-110459-768x503.png 768w\" sizes=\"auto, (max-width: 1150px) 100vw, 1150px\" \/><\/a><\/p>\n","protected":false},"excerpt":{"rendered":"\ud83c\udf1f Tirage \u00ab\u00a0Arbre de Cartes-Cadeaux\u00a0\u00bb : Gagnez plus de 4000 $ en cartes-cadeaux locales! \ud83c\udf1f Vous cherchez un moyen parfait de redonner \u00e0 la communaut\u00e9 tout en vous faisant plaisir,&#8230; <\/p><a class=\"btn btn-brdr-red view-article\" href=\"https:\/\/gmsenbunitedway.ca\/fr\/tiragecartescadeaux2024\/\">Read More<\/a>","protected":false},"author":2,"featured_media":0,"parent":0,"menu_order":0,"comment_status":"closed","ping_status":"closed","template":"","meta":{"_acf_changed":false,"om_disable_all_campaigns":false,"_monsterinsights_skip_tracking":false,"_monsterinsights_sitenote_active":false,"_monsterinsights_sitenote_note":"","_monsterinsights_sitenote_category":0,"_uf_show_specific_survey":0,"_uf_disable_surveys":false,"ngg_post_thumbnail":0,"footnotes":""},"class_list":["post-4295","page","type-page","status-publish","hentry"],"acf":[],"aioseo_notices":[],"_links":{"self":[{"href":"https:\/\/gmsenbunitedway.ca\/fr\/wp-json\/wp\/v2\/pages\/4295","targetHints":{"allow":["GET"]}}],"collection":[{"href":"https:\/\/gmsenbunitedway.ca\/fr\/wp-json\/wp\/v2\/pages"}],"about":[{"href":"https:\/\/gmsenbunitedway.ca\/fr\/wp-json\/wp\/v2\/types\/page"}],"author":[{"embeddable":true,"href":"https:\/\/gmsenbunitedway.ca\/fr\/wp-json\/wp\/v2\/users\/2"}],"replies":[{"embeddable":true,"href":"https:\/\/gmsenbunitedway.ca\/fr\/wp-json\/wp\/v2\/comments?post=4295"}],"version-history":[{"count":0,"href":"https:\/\/gmsenbunitedway.ca\/fr\/wp-json\/wp\/v2\/pages\/4295\/revisions"}],"wp:attachment":[{"href":"https:\/\/gmsenbunitedway.ca\/fr\/wp-json\/wp\/v2\/media?parent=4295"}],"curies":[{"name":"wp","href":"https:\/\/api.w.org\/{rel}","templated":true}]}}