{"id":4478,"date":"2025-07-31T12:03:52","date_gmt":"2025-07-31T16:03:52","guid":{"rendered":"https:\/\/gmsenbunitedway.ca\/?page_id=4478"},"modified":"2025-07-31T12:03:53","modified_gmt":"2025-07-31T16:03:53","slug":"tournoi-de-golf-united-way-2025-%e2%9b%b3","status":"publish","type":"page","link":"https:\/\/gmsenbunitedway.ca\/fr\/tournoi-de-golf-united-way-2025-%e2%9b%b3\/","title":{"rendered":"Tournoi de golf United Way 2025 \u26f3"},"content":{"rendered":"<blockquote><p><strong data-start=\"0\" data-end=\"67\" data-is-only-node=\"\">R\u00e9servez la date pour le 4e Tournoi de golf annuel de Centraide<\/strong>, qui aura lieu le <strong data-start=\"86\" data-end=\"113\">jeudi 11 septembre 2025<\/strong> au <strong data-start=\"117\" data-end=\"154\">Club de golf Royal Oaks \u00e0 Moncton<\/strong>. Joignez-vous \u00e0 nous pour une journ\u00e9e divertissante sur le terrain, remplie de comp\u00e9tition amicale, de prix excitants et surtout, d\u2019un objectif important : amasser des fonds pour soutenir les personnes les plus vuln\u00e9rables de notre communaut\u00e9. L\u2019inscription est de <strong data-start=\"420\" data-end=\"442\">325\u202f$ par personne<\/strong>, <strong data-start=\"444\" data-end=\"481\">1\u202f200\u202f$ pour une \u00e9quipe de quatre<\/strong> ou <strong data-start=\"485\" data-end=\"516\">2\u202f000\u202f$ pour une \u00e9quipe VIP<\/strong>.<br data-start=\"517\" data-end=\"520\">\ud83d\udc49 <a class=\"\" href=\"https:\/\/forms.office.com\/Pages\/ResponsePage.aspx...\" target=\"_new\" rel=\"noopener\" data-start=\"523\" data-end=\"623\">Cliquez ici pour vous inscrire d\u00e8s maintenant<\/a><br data-start=\"623\" data-end=\"626\">Pour plus d\u2019information, contactez-nous au <strong data-start=\"669\" data-end=\"693\">506-858-8600 poste 6<\/strong> ou \u00e0 <strong data-start=\"699\" data-end=\"730\"><a class=\"cursor-pointer\" rel=\"noopener\" data-start=\"701\" data-end=\"728\" data-is-only-node=\"\">events@moncton.unitedway.ca<\/a><\/strong>.<br data-start=\"731\" data-end=\"734\"><strong data-start=\"734\" data-end=\"771\" data-is-last-node=\"\">Tournoi de golf United Way 2025 \u26f3<\/strong><\/p><\/blockquote>\n","protected":false},"excerpt":{"rendered":"R\u00e9servez la date pour le 4e Tournoi de golf annuel de Centraide, qui aura lieu le jeudi 11 septembre 2025 au Club de golf Royal Oaks \u00e0 Moncton. Joignez-vous \u00e0&#8230; <\/p><a class=\"btn btn-brdr-red view-article\" href=\"https:\/\/gmsenbunitedway.ca\/fr\/tournoi-de-golf-united-way-2025-%e2%9b%b3\/\">Read More<\/a>","protected":false},"author":2,"featured_media":0,"parent":0,"menu_order":0,"comment_status":"closed","ping_status":"closed","template":"","meta":{"_acf_changed":false,"om_disable_all_campaigns":false,"_monsterinsights_skip_tracking":false,"_monsterinsights_sitenote_active":false,"_monsterinsights_sitenote_note":"","_monsterinsights_sitenote_category":0,"_uf_show_specific_survey":0,"_uf_disable_surveys":false,"ngg_post_thumbnail":0,"footnotes":""},"class_list":["post-4478","page","type-page","status-publish","hentry"],"acf":[],"aioseo_notices":[],"_links":{"self":[{"href":"https:\/\/gmsenbunitedway.ca\/fr\/wp-json\/wp\/v2\/pages\/4478","targetHints":{"allow":["GET"]}}],"collection":[{"href":"https:\/\/gmsenbunitedway.ca\/fr\/wp-json\/wp\/v2\/pages"}],"about":[{"href":"https:\/\/gmsenbunitedway.ca\/fr\/wp-json\/wp\/v2\/types\/page"}],"author":[{"embeddable":true,"href":"https:\/\/gmsenbunitedway.ca\/fr\/wp-json\/wp\/v2\/users\/2"}],"replies":[{"embeddable":true,"href":"https:\/\/gmsenbunitedway.ca\/fr\/wp-json\/wp\/v2\/comments?post=4478"}],"version-history":[{"count":0,"href":"https:\/\/gmsenbunitedway.ca\/fr\/wp-json\/wp\/v2\/pages\/4478\/revisions"}],"wp:attachment":[{"href":"https:\/\/gmsenbunitedway.ca\/fr\/wp-json\/wp\/v2\/media?parent=4478"}],"curies":[{"name":"wp","href":"https:\/\/api.w.org\/{rel}","templated":true}]}}