{"id":711,"date":"2018-01-05T09:14:22","date_gmt":"2018-01-05T13:14:22","guid":{"rendered":"http:\/\/uwmoncton.wpengine.com\/?page_id=711\/"},"modified":"2018-01-30T16:02:35","modified_gmt":"2018-01-30T20:02:35","slug":"impliquez-vous","status":"publish","type":"page","link":"https:\/\/gmsenbunitedway.ca\/fr\/impliquez-vous\/","title":{"rendered":"Impliquez-vous"},"content":{"rendered":"<p><span style=\"font-weight: 400;\">Notre travail est rendu possible gr\u00e2ce aux donateurs, aux b\u00e9n\u00e9voles et \u00e0 tous ceux qui contribuent \u00e0 faire de leur communaut\u00e9 un meilleur endroit o\u00f9 vivre.<\/span><\/p>\n<h2><strong>Faites un don\u00a0<\/strong><\/h2>\n<p>Votre appui permet de cr\u00e9er pour chacun un cadre de vie meilleur au sein de notre communaut\u00e9.<\/p>\n<p><a href=\"http:\/\/uwmoncton.wpengine.com\/fr\/donner\/\" target=\"_blank\" rel=\"noopener\">Donner maintenant<\/a><\/p>\n<p><a href=\"http:\/\/uwmoncton.wpengine.com\/fr\/workplace-campaign\/\">Lancez une campagne en milieu de travail<\/a><\/p>\n<h2>Devenez b\u00e9n\u00e9vole<\/h2>\n<p>Nos b\u00e9n\u00e9voles consacrent une partie de leur temps, de leur savoir-faire et de leurs talents \u00e0 am\u00e9liorer la qualit\u00e9 de vie des gens dans notre communaut\u00e9. Ils forment un maillon essentiel des op\u00e9rations de nos agences \u2013 joignez vos efforts aux n\u00f4tres et contribuez \u00e0 changer les choses!<\/p>\n<p><a href=\"http:\/\/uwmoncton.wpengine.com\/fr\/benevole\/\" rel=\"noopener\">Devenir b\u00e9n\u00e9vole maintenant<\/a><\/p>\n<h2>Journ\u00e9es d\u2019entraide<\/h2>\n<p>Le programme Journ\u00e9e d\u2019entraide offre aux employ\u00e9s et \u00e0 d\u2019autres groupes une occasion unique de s\u2019allier et de changer les choses dans notre communaut\u00e9 en participant b\u00e9n\u00e9volement \u00e0 des projets utiles aupr\u00e8s d\u2019organismes communautaires locaux.<\/p>\n<p><a href=\"http:\/\/uwmoncton.wpengine.com\/fr\/journee-dentraide\/\" target=\"_blank\" rel=\"noopener\">Choisir l\u2019entraide<\/a><\/p>\n<h2>Agissez<\/h2>\n<p>Lancez une campagne en milieu de travail!<\/p>\n<p>Chaque ann\u00e9e des centaines d\u2019organisations et des milliers d\u2019employ\u00e9s de tous les secteurs prennent part \u00e0 une Campagne en milieu de travail. C\u2019est un excellent moyen de contribuer \u00e0 la communaut\u00e9 au travail.<\/p>\n<p><a href=\"http:\/\/uwmoncton.wpengine.com\/fr\/workplace-campaign\/\">Lancez une campagne en milieu de travail<\/a><\/p>\n","protected":false},"excerpt":{"rendered":"Notre travail est rendu possible gr\u00e2ce aux donateurs, aux b\u00e9n\u00e9voles et \u00e0 tous ceux qui contribuent \u00e0 faire de leur communaut\u00e9 un meilleur endroit o\u00f9 vivre. Faites un don\u00a0 Votre&#8230; <\/p><a class=\"btn btn-brdr-red view-article\" href=\"https:\/\/gmsenbunitedway.ca\/fr\/impliquez-vous\/\">Read More<\/a>","protected":false},"author":1,"featured_media":759,"parent":0,"menu_order":0,"comment_status":"closed","ping_status":"closed","template":"","meta":{"_acf_changed":false,"om_disable_all_campaigns":false,"_monsterinsights_skip_tracking":false,"_monsterinsights_sitenote_active":false,"_monsterinsights_sitenote_note":"","_monsterinsights_sitenote_category":0,"_uf_show_specific_survey":0,"_uf_disable_surveys":false,"ngg_post_thumbnail":0,"footnotes":""},"class_list":["post-711","page","type-page","status-publish","has-post-thumbnail","hentry"],"acf":[],"aioseo_notices":[],"_links":{"self":[{"href":"https:\/\/gmsenbunitedway.ca\/fr\/wp-json\/wp\/v2\/pages\/711","targetHints":{"allow":["GET"]}}],"collection":[{"href":"https:\/\/gmsenbunitedway.ca\/fr\/wp-json\/wp\/v2\/pages"}],"about":[{"href":"https:\/\/gmsenbunitedway.ca\/fr\/wp-json\/wp\/v2\/types\/page"}],"author":[{"embeddable":true,"href":"https:\/\/gmsenbunitedway.ca\/fr\/wp-json\/wp\/v2\/users\/1"}],"replies":[{"embeddable":true,"href":"https:\/\/gmsenbunitedway.ca\/fr\/wp-json\/wp\/v2\/comments?post=711"}],"version-history":[{"count":0,"href":"https:\/\/gmsenbunitedway.ca\/fr\/wp-json\/wp\/v2\/pages\/711\/revisions"}],"wp:featuredmedia":[{"embeddable":true,"href":"https:\/\/gmsenbunitedway.ca\/fr\/wp-json\/wp\/v2\/media\/759"}],"wp:attachment":[{"href":"https:\/\/gmsenbunitedway.ca\/fr\/wp-json\/wp\/v2\/media?parent=711"}],"curies":[{"name":"wp","href":"https:\/\/api.w.org\/{rel}","templated":true}]}}