{"id":898,"date":"2018-01-31T13:27:26","date_gmt":"2018-01-31T17:27:26","guid":{"rendered":"http:\/\/uwmoncton.wpengine.com\/?page_id=898\/"},"modified":"2025-03-03T16:07:35","modified_gmt":"2025-03-03T20:07:35","slug":"programme-communautaire-de-laissez-passer-de-transport-en-commun","status":"publish","type":"page","link":"https:\/\/gmsenbunitedway.ca\/fr\/programme-communautaire-de-laissez-passer-de-transport-en-commun\/","title":{"rendered":"Programme communautaire de laissez-passer de transport en commun"},"content":{"rendered":"<p>En partenariat avec la Ville de Moncton et Codiac Transpo, l\u2019organisme Centraide de la r\u00e9gion du grand Moncton et du sud-est du Nouveau-Brunswick est fier d\u2019annoncer qu\u2019il administrera le <strong>Programme communautaire de laissez-passer de transport en commun pour 2023<\/strong>&nbsp;commen\u00e7ant le <strong>1 f\u00e9vrier<\/strong>. Le transport en commun permet \u00e0 une personne d\u2019acc\u00e9der au travail, \u00e0 l\u2019\u00e9ducation, aux services de sant\u00e9 et aux services sociaux ainsi qu\u2019\u00e0 l\u2019alimentation et aux loisirs qui contribuent \u00e0 la sant\u00e9, au mieux-\u00eatre et \u00e0 une collectivit\u00e9 plus forte.<\/p>\n<h2>Objectifs du programme<\/h2>\n<p>Le pr\u00e9sent programme, qui a \u00e9volu\u00e9 depuis sa premi\u00e8re phase en 2016, vise \u00e0 proposer aux organismes de bienfaisance de nos collectivit\u00e9s des tarifs r\u00e9duits pour les laissez-passer et les billets de transport en commun, afin de r\u00e9pondre aux besoins en mati\u00e8re de transport des membres les plus vuln\u00e9rables de nos collectivit\u00e9s.<\/p>\n<p>Les fonds disponibles cette ann\u00e9e sont moins que les ann\u00e9es pr\u00e9c\u00e9dentes. Veuillez donc indiquer <strong>en gras<\/strong> les services ou les besoins qui seront prioritaires lors de la demande de laissez-passer. Des billets au tarif subventionn\u00e9 seront offerts, jusqu\u2019\u00e0 l\u2019\u00e9puisement du budget, aux organismes qui r\u00e9pondent aux besoins des personnes vivant dans la pauvret\u00e9 pour leur donner acc\u00e8s aux \u00e9l\u00e9ments suivants&nbsp;:<\/p>\n<ul>\n<li><strong>S\u00e9curit\u00e9 alimentaire<\/strong><\/li>\n<li><strong>Acc\u00e8s aux services de sant\u00e9 mentale\/physique<\/strong><\/li>\n<li><strong>Acc\u00e8s aux services d&rsquo;\u00e9ducation et\/ou d&#8217;emploi<\/strong><\/li>\n<li><strong>Recherche de logement\/soutien<\/strong><\/li>\n<li>Possibilit\u00e9s de b\u00e9n\u00e9volat<\/li>\n<li>Loisirs<\/li>\n<\/ul>\n<h2>Crit\u00e8res d\u2019admissibilit\u00e9&nbsp;:<\/h2>\n<ol>\n<li>Les demandes doivent \u00eatre pr\u00e9sent\u00e9es par un organisme de bienfaisance ou donataire qualifi\u00e9. Les demandes des particuliers ne seront pas accept\u00e9es.<\/li>\n<li>L\u2019organisme doit&nbsp;:\n<ol>\n<li>desservir les membres de la collectivit\u00e9 vivant dans la r\u00e9gion du Grand&nbsp;Moncton;<\/li>\n<li>d\u00e9montrer clairement comment il souhaite utiliser les billets;<\/li>\n<li>\u00eatre inscrit comme organisme de bienfaisance ou donataire qualifi\u00e9 aux termes de la <em>Loi de l\u2019imp\u00f4t sur le revenu<\/em> du Canada;<\/li>\n<li>avoir une mission clairement \u00e9nonc\u00e9e et un conseil d\u2019administration actif;<\/li>\n<li>\u00e9tendre ses services au grand public dans la r\u00e9gion du Grand Moncton et n\u2019exclure personne en raison de la race, la religion, le sexe ou l\u2019origine ethnique de cette personne. Cette d\u00e9finition n\u2019exclut pas les organismes dont les services sont r\u00e9serv\u00e9s \u00e0 un segment particulier de la collectivit\u00e9 afin d\u2019am\u00e9liorer les situations des individus ou des groupes d\u00e9favoris\u00e9s, et ce, conform\u00e9ment aux paragraphes&nbsp;15(1) et (2) de la <em>Charte canadienne des droits et libert\u00e9s<\/em>.<\/li>\n<\/ol>\n<\/li>\n<\/ol>\n<h2>Calendrier de vente des billets et des laissez-passer et tarifs&nbsp;:<\/h2>\n<p>Vous pouvez acheter les billets et les laissez-passer de dix&nbsp;trajets aupr\u00e8s de Centraide, au tarif subventionn\u00e9 de 50&nbsp;% de la valeur marchande.<\/p>\n<table style=\"height: 163px;\" width=\"886\">\n<tbody>\n<tr>\n<td width=\"213\">&nbsp;<\/td>\n<td width=\"213\">\n<h4>Valeur marchande<\/h4>\n<\/td>\n<td width=\"213\">\n<h4>Tarif subventionn\u00e9<\/h4>\n<\/td>\n<\/tr>\n<tr>\n<td width=\"213\">\n<h4>Billet simple (1 trajet)<\/h4>\n<\/td>\n<td width=\"213\">3,00 $<\/td>\n<td width=\"213\">1,50 $<\/td>\n<\/tr>\n<tr>\n<td width=\"213\">\n<h4>Laissez-passer (10 trajets)<\/h4>\n<\/td>\n<td width=\"213\"><strong>29,00 $<\/strong><\/td>\n<td width=\"213\"><strong>14,50 $<\/strong><\/td>\n<\/tr>\n<\/tbody>\n<\/table>\n<p>&nbsp;<\/p>\n<p>&nbsp;<\/p>\n<table style=\"height: 452px;\" width=\"881\">\n<tbody>\n<tr>\n<td width=\"312\">\n<h5>&nbsp;24 f\u00e9vrier 2025<\/h5>\n<\/td>\n<td width=\"311\">2,500**<\/td>\n<\/tr>\n<tr>\n<td width=\"312\">\n<h5>1<sup>er<\/sup> mai 2025<\/h5>\n<\/td>\n<td width=\"311\">2 000 $**<\/td>\n<\/tr>\n<tr>\n<td width=\"312\">\n<h5>1<sup>er<\/sup> ao\u00fbt 2025<\/h5>\n<\/td>\n<td width=\"311\">1 750 $**<\/td>\n<\/tr>\n<tr>\n<td width=\"312\">\n<h5>1<sup>er<\/sup> novembre 2025<\/h5>\n<\/td>\n<td width=\"311\">1 750 $**<\/td>\n<\/tr>\n<tr>\n<td colspan=\"2\" width=\"623\">* Le montant disponible peut varier \u00e0 la suite de l\u2019ach\u00e8vement du sondage sur les besoins pr\u00e9vus de la collectivit\u00e9.<br \/>\n** Le cas \u00e9ch\u00e9ant, le budget restant \u00e0 la fin de chaque trimestre sera report\u00e9 au trimestre suivant.<\/td>\n<\/tr>\n<\/tbody>\n<\/table>\n<p>Les billets et les laissez-passer seront vendus aux organismes admissibles, selon le principe du premier arriv\u00e9, premier servi, jusqu\u2019\u00e0 \u00e9puisement du budget trimestriel.<\/p>\n<h2>Pour acheter des billets<\/h2>\n<p>Les organismes admissibles doivent pr\u00e9senter leur demande au moyen du <a href=\"https:\/\/docs.google.com\/forms\/d\/e\/1FAIpQLSdqLOcRKIka3TcV62Y7HWTc-NVCRUcOWqHMmWrHBB3ZgnKO0w\/viewform\" target=\"_blank\" rel=\"noopener noreferrer\">formulaire en ligne<\/a>.<\/p>\n<p>\u00c0 la suite de la r\u00e9ception de la demande, l\u2019organisme sera factur\u00e9 et il pourra passer prendre ses billets \u00e0 la suite de la r\u00e9ception du paiement.<\/p>\n<h2>Responsabilit\u00e9s des organismes b\u00e9n\u00e9ficiaires<\/h2>\n<p>Les organismes doivent assurer le suivi de la distribution des billets et des laissez-passer et indiquer l\u2019utilisation vis\u00e9e. Ils doivent \u00e9galement r\u00e9pondre \u00e0 de courts sondages sur l\u2019utilisation, \u00e0 la fin de chaque trimestre au cours duquel ils ont re\u00e7u des billets, ainsi qu\u2019au sondage final, \u00e0 la fin de l\u2019ann\u00e9e.<\/p>\n<p><img loading=\"lazy\" decoding=\"async\" width=\"306\" height=\"164\" class=\"alignnone size-full wp-image-1198 aligncenter\" src=\"http:\/\/gmsenbunitedway.ca\/wp-content\/uploads\/2018\/10\/city-of-moncton.png\" alt=\"\"><img loading=\"lazy\" decoding=\"async\" width=\"161\" height=\"62\" class=\"alignnone size-full wp-image-1199 aligncenter\" src=\"http:\/\/gmsenbunitedway.ca\/wp-content\/uploads\/2018\/10\/Codiac-Transpo.png\" alt=\"\"><\/p>\n","protected":false},"excerpt":{"rendered":"En partenariat avec la Ville de Moncton et Codiac Transpo, l\u2019organisme Centraide de la r\u00e9gion du grand Moncton et du sud-est du Nouveau-Brunswick est fier d\u2019annoncer qu\u2019il administrera le Programme&#8230; <\/p><a class=\"btn btn-brdr-red view-article\" href=\"https:\/\/gmsenbunitedway.ca\/fr\/programme-communautaire-de-laissez-passer-de-transport-en-commun\/\">Read More<\/a>","protected":false},"author":2,"featured_media":913,"parent":0,"menu_order":0,"comment_status":"closed","ping_status":"closed","template":"","meta":{"_acf_changed":false,"om_disable_all_campaigns":false,"_monsterinsights_skip_tracking":false,"_monsterinsights_sitenote_active":false,"_monsterinsights_sitenote_note":"","_monsterinsights_sitenote_category":0,"_uf_show_specific_survey":0,"_uf_disable_surveys":false,"ngg_post_thumbnail":0,"footnotes":""},"class_list":["post-898","page","type-page","status-publish","has-post-thumbnail","hentry"],"acf":[],"aioseo_notices":[],"_links":{"self":[{"href":"https:\/\/gmsenbunitedway.ca\/fr\/wp-json\/wp\/v2\/pages\/898","targetHints":{"allow":["GET"]}}],"collection":[{"href":"https:\/\/gmsenbunitedway.ca\/fr\/wp-json\/wp\/v2\/pages"}],"about":[{"href":"https:\/\/gmsenbunitedway.ca\/fr\/wp-json\/wp\/v2\/types\/page"}],"author":[{"embeddable":true,"href":"https:\/\/gmsenbunitedway.ca\/fr\/wp-json\/wp\/v2\/users\/2"}],"replies":[{"embeddable":true,"href":"https:\/\/gmsenbunitedway.ca\/fr\/wp-json\/wp\/v2\/comments?post=898"}],"version-history":[{"count":0,"href":"https:\/\/gmsenbunitedway.ca\/fr\/wp-json\/wp\/v2\/pages\/898\/revisions"}],"wp:featuredmedia":[{"embeddable":true,"href":"https:\/\/gmsenbunitedway.ca\/fr\/wp-json\/wp\/v2\/media\/913"}],"wp:attachment":[{"href":"https:\/\/gmsenbunitedway.ca\/fr\/wp-json\/wp\/v2\/media?parent=898"}],"curies":[{"name":"wp","href":"https:\/\/api.w.org\/{rel}","templated":true}]}}